{"id":6219,"date":"2023-05-04T21:34:36","date_gmt":"2023-05-04T21:34:36","guid":{"rendered":"http:\/\/insai.com.mx\/?page_id=6219"},"modified":"2023-07-26T17:46:23","modified_gmt":"2023-07-26T17:46:23","slug":"oil-gas","status":"publish","type":"page","link":"https:\/\/insai.com.mx\/index.php\/oil-gas\/","title":{"rendered":"OIL &#038; GAS"},"content":{"rendered":"[vc_row type=\u00bbin_container\u00bb full_screen_row_position=\u00bbmiddle\u00bb column_margin=\u00bbdefault\u00bb column_direction=\u00bbdefault\u00bb column_direction_tablet=\u00bbdefault\u00bb column_direction_phone=\u00bbdefault\u00bb scene_position=\u00bbcenter\u00bb text_color=\u00bbdark\u00bb text_align=\u00bbleft\u00bb row_border_radius=\u00bbnone\u00bb row_border_radius_applies=\u00bbbg\u00bb overflow=\u00bbvisible\u00bb overlay_strength=\u00bb0.3&#8243; gradient_direction=\u00bbleft_to_right\u00bb shape_divider_color=\u00bb#00aeef\u00bb shape_divider_position=\u00bbtop\u00bb bg_image_animation=\u00bbnone\u00bb gradient_type=\u00bbdefault\u00bb shape_type=\u00bbtriangle\u00bb][vc_column column_padding=\u00bbno-extra-padding\u00bb column_padding_tablet=\u00bbinherit\u00bb column_padding_phone=\u00bbinherit\u00bb column_padding_position=\u00bball\u00bb top_margin=\u00bb20&#8243; bottom_margin=\u00bb20&#8243; right_margin=\u00bb0&#8243; column_element_direction_desktop=\u00bbdefault\u00bb column_element_spacing=\u00bbdefault\u00bb desktop_text_alignment=\u00bbdefault\u00bb tablet_text_alignment=\u00bbdefault\u00bb phone_text_alignment=\u00bbdefault\u00bb background_color_opacity=\u00bb1&#8243; background_hover_color_opacity=\u00bb1&#8243; column_backdrop_filter=\u00bbnone\u00bb column_shadow=\u00bbnone\u00bb column_border_radius=\u00bbnone\u00bb column_link_target=\u00bb_self\u00bb column_position=\u00bbdefault\u00bb gradient_direction=\u00bbleft_to_right\u00bb overlay_strength=\u00bb0.3&#8243; width=\u00bb1\/2&#8243; tablet_width_inherit=\u00bbdefault\u00bb animation_type=\u00bbdefault\u00bb bg_image_animation=\u00bbnone\u00bb border_type=\u00bbsimple\u00bb column_border_width=\u00bbnone\u00bb column_border_style=\u00bbsolid\u00bb column_padding_type=\u00bbdefault\u00bb gradient_type=\u00bbdefault\u00bb]<div class=\"divider-wrap\" data-alignment=\"default\"><div style=\"height: 25px;\" class=\"divider\"><\/div><\/div>[vc_column_text css=\u00bb.vc_custom_1690393411749{padding-top: 30px !important;padding-right: 0px !important;padding-left: 10px !important;}\u00bb]<span style=\"color: #333333;\">La automatizaci\u00f3n es clave para mejorar la eficiencia y la seguridad en la industria de Oil &amp; Gas. Podemos dise\u00f1ar e implementar sistemas de automatizaci\u00f3n personalizados que abarquen desde el control de procesos en tiempo real hasta la supervisi\u00f3n y el control remoto de operaciones. <\/span><\/p>\n<p><span style=\"color: #333333;\">Esto incluye el uso de PLCs (Controladores L\u00f3gicos Programables), sistemas SCADA (Supervisi\u00f3n, Control y Adquisici\u00f3n de Datos) y soluciones de control de calidad.<\/span><\/p>\n<p><span style=\"color: #333333;\">Nuestros sistemas proporcionan alertas tempranas de posibles problemas, permiti\u00e9ndole tomar medidas preventivas ayud\u00e1ndole a minimizar el tiempo de inactividad no planificado en tiempo real, con automatizaci\u00f3n de procesos y soluciones de inspecci\u00f3n asistida por tecnolog\u00eda \u00fanica.<\/span>[\/vc_column_text][\/vc_column][vc_column column_padding=\u00bbno-extra-padding\u00bb column_padding_tablet=\u00bbinherit\u00bb column_padding_phone=\u00bbinherit\u00bb column_padding_position=\u00bball\u00bb top_margin=\u00bb20&#8243; bottom_margin=\u00bb20&#8243; column_element_direction_desktop=\u00bbdefault\u00bb column_element_spacing=\u00bbdefault\u00bb desktop_text_alignment=\u00bbdefault\u00bb tablet_text_alignment=\u00bbdefault\u00bb phone_text_alignment=\u00bbdefault\u00bb background_color_opacity=\u00bb1&#8243; background_hover_color_opacity=\u00bb1&#8243; column_backdrop_filter=\u00bbnone\u00bb column_shadow=\u00bbnone\u00bb column_border_radius=\u00bbnone\u00bb column_link_target=\u00bb_self\u00bb column_position=\u00bbdefault\u00bb gradient_direction=\u00bbleft_to_right\u00bb overlay_strength=\u00bb0.3&#8243; width=\u00bb1\/2&#8243; tablet_width_inherit=\u00bbdefault\u00bb animation_type=\u00bbdefault\u00bb bg_image_animation=\u00bbnone\u00bb border_type=\u00bbsimple\u00bb column_border_width=\u00bbnone\u00bb column_border_style=\u00bbsolid\u00bb column_padding_type=\u00bbdefault\u00bb gradient_type=\u00bbdefault\u00bb]<div class=\"divider-wrap\" data-alignment=\"default\"><div style=\"height: 25px;\" class=\"divider\"><\/div><\/div><div class=\"img-with-aniamtion-wrap \" data-max-width=\"100%\" data-border-radius=\"none\">\n      <div class=\"inner\">\n        <img loading=\"lazy\" decoding=\"async\" class=\"img-with-animation \" data-shadow=\"none\" data-shadow-direction=\"middle\" data-delay=\"0\" height=\"1477\" width=\"2560\" data-animation=\"none\" src=\"https:\/\/insai.com.mx\/wp-content\/uploads\/2023\/06\/vecteezy_oil-refinery-field-at-night-the-petrochemical-industry_21850947_437-scaled.jpeg\" alt=\"\" srcset=\"https:\/\/insai.com.mx\/wp-content\/uploads\/2023\/06\/vecteezy_oil-refinery-field-at-night-the-petrochemical-industry_21850947_437-scaled.jpeg 2560w, https:\/\/insai.com.mx\/wp-content\/uploads\/2023\/06\/vecteezy_oil-refinery-field-at-night-the-petrochemical-industry_21850947_437-300x173.jpeg 300w, https:\/\/insai.com.mx\/wp-content\/uploads\/2023\/06\/vecteezy_oil-refinery-field-at-night-the-petrochemical-industry_21850947_437-1024x591.jpeg 1024w, https:\/\/insai.com.mx\/wp-content\/uploads\/2023\/06\/vecteezy_oil-refinery-field-at-night-the-petrochemical-industry_21850947_437-768x443.jpeg 768w, https:\/\/insai.com.mx\/wp-content\/uploads\/2023\/06\/vecteezy_oil-refinery-field-at-night-the-petrochemical-industry_21850947_437-1536x886.jpeg 1536w, https:\/\/insai.com.mx\/wp-content\/uploads\/2023\/06\/vecteezy_oil-refinery-field-at-night-the-petrochemical-industry_21850947_437-2048x1182.jpeg 2048w\" sizes=\"auto, 100vw\" \/>\n      <\/div>\n    <\/div>[\/vc_column][\/vc_row][vc_row type=\u00bbin_container\u00bb full_screen_row_position=\u00bbmiddle\u00bb column_margin=\u00bbdefault\u00bb column_direction=\u00bbdefault\u00bb column_direction_tablet=\u00bbdefault\u00bb column_direction_phone=\u00bbdefault\u00bb scene_position=\u00bbcenter\u00bb top_padding=\u00bb30&#8243; text_color=\u00bbdark\u00bb text_align=\u00bbleft\u00bb row_border_radius=\u00bbnone\u00bb row_border_radius_applies=\u00bbbg\u00bb overflow=\u00bbvisible\u00bb overlay_strength=\u00bb0.3&#8243; gradient_direction=\u00bbleft_to_right\u00bb shape_divider_position=\u00bbbottom\u00bb bg_image_animation=\u00bbnone\u00bb gradient_type=\u00bbdefault\u00bb shape_type=\u00bb\u00bb][vc_column column_padding=\u00bbno-extra-padding\u00bb column_padding_tablet=\u00bbinherit\u00bb column_padding_phone=\u00bbinherit\u00bb column_padding_position=\u00bball\u00bb column_element_direction_desktop=\u00bbdefault\u00bb column_element_spacing=\u00bbdefault\u00bb desktop_text_alignment=\u00bbdefault\u00bb tablet_text_alignment=\u00bbdefault\u00bb phone_text_alignment=\u00bbdefault\u00bb background_color_opacity=\u00bb1&#8243; background_hover_color_opacity=\u00bb1&#8243; column_backdrop_filter=\u00bbnone\u00bb column_shadow=\u00bbnone\u00bb column_border_radius=\u00bbnone\u00bb column_link_target=\u00bb_self\u00bb column_position=\u00bbdefault\u00bb gradient_direction=\u00bbleft_to_right\u00bb overlay_strength=\u00bb0.3&#8243; width=\u00bb1\/1&#8243; tablet_width_inherit=\u00bbdefault\u00bb animation_type=\u00bbdefault\u00bb bg_image_animation=\u00bbnone\u00bb border_type=\u00bbsimple\u00bb column_border_width=\u00bbnone\u00bb column_border_style=\u00bbsolid\u00bb][vc_column_text css_animation=\u00bbzoomIn\u00bb css=\u00bb.vc_custom_1686934095501{padding-top: 40px !important;padding-bottom: 60px !important;}\u00bb]\n<h3 style=\"text-align: center;\"><span style=\"color: #333333;\">SOMOS DISTRIBUIDORES DE LOS MEJORES EQUIPOS<\/span><\/h3>\n[\/vc_column_text]<div class=\"carousel-wrap\"><div class=\"row carousel clients four-cols fade-in-animation\" data-max=\"4\"><div><a href=\"#\" target=\"_blank\"><img loading=\"lazy\" decoding=\"async\" src=\"https:\/\/insai.com.mx\/wp-content\/uploads\/2023\/06\/LOGOS-distribuidores-INSAI-01.png\" width=\"2084\" height=\"2084\" alt=\"client\" \/><\/a><\/div><div><a href=\"#\" target=\"_blank\"><img loading=\"lazy\" decoding=\"async\" src=\"https:\/\/insai.com.mx\/wp-content\/uploads\/2023\/06\/LOGOS-distribuidores-INSAI-02.png\" width=\"2084\" height=\"2084\" alt=\"client\" \/><\/a><\/div><div><a href=\"#\" target=\"_blank\"><img loading=\"lazy\" decoding=\"async\" src=\"https:\/\/insai.com.mx\/wp-content\/uploads\/2023\/06\/LOGOS-distribuidores-INSAI-03.png\" width=\"2084\" height=\"2084\" alt=\"client\" \/><\/a><\/div><div><a href=\"#\" target=\"_blank\"><img loading=\"lazy\" decoding=\"async\" src=\"https:\/\/insai.com.mx\/wp-content\/uploads\/2023\/06\/LOGOS-distribuidores-INSAI-04.png\" width=\"2084\" height=\"2084\" alt=\"client\" \/><\/a><\/div><div><a href=\"#\" target=\"_blank\"><img loading=\"lazy\" decoding=\"async\" src=\"https:\/\/insai.com.mx\/wp-content\/uploads\/2023\/06\/LOGOS-distribuidores-INSAI-05.png\" width=\"2084\" height=\"2084\" alt=\"client\" \/><\/a><\/div><div><a href=\"#\" target=\"_blank\"><img loading=\"lazy\" decoding=\"async\" src=\"https:\/\/insai.com.mx\/wp-content\/uploads\/2023\/06\/LOGOS-distribuidores-INSAI-06.png\" width=\"2084\" height=\"2084\" alt=\"client\" \/><\/a><\/div><div><a href=\"#\" target=\"_blank\"><img loading=\"lazy\" decoding=\"async\" src=\"https:\/\/insai.com.mx\/wp-content\/uploads\/2023\/06\/LOGOS-distribuidores-INSAI-07.png\" width=\"2084\" height=\"2084\" alt=\"client\" \/><\/a><\/div><div><a href=\"#\" target=\"_blank\"><img loading=\"lazy\" decoding=\"async\" src=\"https:\/\/insai.com.mx\/wp-content\/uploads\/2023\/06\/LOGOS-distribuidores-INSAI-08.png\" width=\"2084\" height=\"2084\" alt=\"client\" \/><\/a><\/div><\/div><\/div>[\/vc_column][\/vc_row][vc_row type=\u00bbfull_width_background\u00bb full_screen_row_position=\u00bbmiddle\u00bb column_margin=\u00bbdefault\u00bb column_direction=\u00bbdefault\u00bb column_direction_tablet=\u00bbdefault\u00bb column_direction_phone=\u00bbdefault\u00bb video_bg=\u00bbuse_video\u00bb video_webm=\u00bbhttps:\/\/insai.com.mx\/wp-content\/uploads\/2023\/05\/AdobeStock_317781386_Video_HD_Preview.mov\u00bb background_video_loading=\u00bbdefault\u00bb animated_gradient_bg=\u00bbtrue\u00bb animated_gradient_bg_color_1=\u00bb#000000&#8243; animated_gradient_bg_color_2=\u00bb#3a6ee8&#8243; animated_gradient_bg_speed=\u00bb850&#8243; animated_gradient_bg_blending_mode=\u00bborganic\u00bb scene_position=\u00bbcenter\u00bb text_color=\u00bbdark\u00bb text_align=\u00bbleft\u00bb row_border_radius=\u00bbnone\u00bb row_border_radius_applies=\u00bbbg\u00bb overflow=\u00bbvisible\u00bb enable_gradient=\u00bbtrue\u00bb color_overlay=\u00bb#3a6ee8&#8243; color_overlay_2=\u00bb#000000&#8243; overlay_strength=\u00bb0.5&#8243; gradient_direction=\u00bbleft_to_right\u00bb shape_divider_position=\u00bbbottom\u00bb bg_image_animation=\u00bbnone\u00bb gradient_type=\u00bbdefault\u00bb shape_type=\u00bb\u00bb][vc_column column_padding=\u00bbno-extra-padding\u00bb column_padding_tablet=\u00bbinherit\u00bb column_padding_phone=\u00bbinherit\u00bb column_padding_position=\u00bball\u00bb column_element_direction_desktop=\u00bbdefault\u00bb column_element_spacing=\u00bbdefault\u00bb desktop_text_alignment=\u00bbdefault\u00bb tablet_text_alignment=\u00bbdefault\u00bb phone_text_alignment=\u00bbdefault\u00bb background_color_opacity=\u00bb1&#8243; background_hover_color_opacity=\u00bb1&#8243; column_backdrop_filter=\u00bbnone\u00bb column_shadow=\u00bbnone\u00bb column_border_radius=\u00bbnone\u00bb column_link_target=\u00bb_self\u00bb column_position=\u00bbdefault\u00bb gradient_direction=\u00bbleft_to_right\u00bb overlay_strength=\u00bb0.3&#8243; width=\u00bb1\/1&#8243; tablet_width_inherit=\u00bbdefault\u00bb animation_type=\u00bbdefault\u00bb bg_image_animation=\u00bbnone\u00bb border_type=\u00bbsimple\u00bb column_border_width=\u00bbnone\u00bb column_border_style=\u00bbsolid\u00bb]<div class=\"divider-wrap\" data-alignment=\"default\"><div style=\"height: 100px;\" class=\"divider\"><\/div><\/div>[vc_column_text]\n<h1 style=\"text-align: center;\"><strong><span style=\"color: #ffffff;\">Interfaz intuitiva y<br \/>\nfuncionalidades avanzadas.<\/span><\/strong><\/h1>\n[\/vc_column_text]<div class=\"divider-wrap\" data-alignment=\"default\"><div style=\"height: 100px;\" class=\"divider\"><\/div><\/div>[\/vc_column][\/vc_row]\n","protected":false},"excerpt":{"rendered":"<p>[vc_row type=\u00bbin_container\u00bb full_screen_row_position=\u00bbmiddle\u00bb column_margin=\u00bbdefault\u00bb column_direction=\u00bbdefault\u00bb column_direction_tablet=\u00bbdefault\u00bb column_direction_phone=\u00bbdefault\u00bb scene_position=\u00bbcenter\u00bb text_color=\u00bbdark\u00bb text_align=\u00bbleft\u00bb row_border_radius=\u00bbnone\u00bb row_border_radius_applies=\u00bbbg\u00bb overflow=\u00bbvisible\u00bb overlay_strength=\u00bb0.3&#8243; gradient_direction=\u00bbleft_to_right\u00bb shape_divider_color=\u00bb#00aeef\u00bb shape_divider_position=\u00bbtop\u00bb bg_image_animation=\u00bbnone\u00bb gradient_type=\u00bbdefault\u00bb shape_type=\u00bbtriangle\u00bb][vc_column column_padding=\u00bbno-extra-padding\u00bb column_padding_tablet=\u00bbinherit\u00bb column_padding_phone=\u00bbinherit\u00bb column_padding_position=\u00bball\u00bb top_margin=\u00bb20&#8243; bottom_margin=\u00bb20&#8243; right_margin=\u00bb0&#8243; column_element_direction_desktop=\u00bbdefault\u00bb column_element_spacing=\u00bbdefault\u00bb desktop_text_alignment=\u00bbdefault\u00bb&#8230;<\/p>\n","protected":false},"author":1,"featured_media":0,"parent":0,"menu_order":0,"comment_status":"closed","ping_status":"closed","template":"","meta":{"_joinchat":[],"footnotes":""},"class_list":["post-6219","page","type-page","status-publish"],"_links":{"self":[{"href":"https:\/\/insai.com.mx\/index.php\/wp-json\/wp\/v2\/pages\/6219","targetHints":{"allow":["GET"]}}],"collection":[{"href":"https:\/\/insai.com.mx\/index.php\/wp-json\/wp\/v2\/pages"}],"about":[{"href":"https:\/\/insai.com.mx\/index.php\/wp-json\/wp\/v2\/types\/page"}],"author":[{"embeddable":true,"href":"https:\/\/insai.com.mx\/index.php\/wp-json\/wp\/v2\/users\/1"}],"replies":[{"embeddable":true,"href":"https:\/\/insai.com.mx\/index.php\/wp-json\/wp\/v2\/comments?post=6219"}],"version-history":[{"count":94,"href":"https:\/\/insai.com.mx\/index.php\/wp-json\/wp\/v2\/pages\/6219\/revisions"}],"predecessor-version":[{"id":7846,"href":"https:\/\/insai.com.mx\/index.php\/wp-json\/wp\/v2\/pages\/6219\/revisions\/7846"}],"wp:attachment":[{"href":"https:\/\/insai.com.mx\/index.php\/wp-json\/wp\/v2\/media?parent=6219"}],"curies":[{"name":"wp","href":"https:\/\/api.w.org\/{rel}","templated":true}]}}